{"id":237,"date":"2025-09-03T06:16:41","date_gmt":"2025-09-03T06:16:41","guid":{"rendered":"https:\/\/staging-prod-vet.cdcndevelopment.com\/services\/"},"modified":"2025-12-10T06:19:09","modified_gmt":"2025-12-10T06:19:09","slug":"services","status":"publish","type":"page","link":"https:\/\/www.consumerdirectveterans.com\/es\/services\/","title":{"rendered":"Servicios"},"content":{"rendered":"<div data-elementor-type=\"wp-page\" data-elementor-id=\"237\" class=\"elementor elementor-237\" data-elementor-post-type=\"page\">\n\t\t\t\t<div class=\"elementor-element elementor-element-1e89e6c e-con-full elementor-hidden-desktop e-flex e-con e-parent\" data-id=\"1e89e6c\" data-element_type=\"container\" data-settings=\"{&quot;background_background&quot;:&quot;classic&quot;}\">\n\t\t\t\t<div class=\"elementor-element elementor-element-96998ff elementor-widget elementor-widget-n-accordion\" data-id=\"96998ff\" data-element_type=\"widget\" data-settings=\"{&quot;default_state&quot;:&quot;all_collapsed&quot;,&quot;max_items_expended&quot;:&quot;one&quot;,&quot;n_accordion_animation_duration&quot;:{&quot;unit&quot;:&quot;ms&quot;,&quot;size&quot;:400,&quot;sizes&quot;:[]}}\" data-widget_type=\"nested-accordion.default\">\n\t\t\t\t\t\t\t<div class=\"e-n-accordion\" aria-label=\"Acorde\u00f3n. Abra los enlaces con Intro o Espacio, ci\u00e9rrelos con Escape y navegue con las teclas de flecha.\">\n\t\t\t\t\t\t<details id=\"e-n-accordion-item-1570\" class=\"e-n-accordion-item\" >\n\t\t\t\t<summary class=\"e-n-accordion-item-title\" data-accordion-index=\"1\" tabindex=\"0\" aria-expanded=\"false\" aria-controls=\"e-n-accordion-item-1570\" >\n\t\t\t\t\t<span class='e-n-accordion-item-title-header'><div class=\"e-n-accordion-item-title-text\"> Seleccionar secci\u00f3n <\/div><\/span>\n\t\t\t\t\t\t\t<span class='e-n-accordion-item-title-icon'>\n\t\t\t<span class='e-opened' ><svg xmlns=\"http:\/\/www.w3.org\/2000\/svg\" width=\"24\" height=\"24\" viewbox=\"0 0 24 24\" fill=\"none\"><path d=\"M5 13V11H19V13H5Z\" fill=\"#003764\"><\/path><\/svg><\/span>\n\t\t\t<span class='e-closed'><svg xmlns=\"http:\/\/www.w3.org\/2000\/svg\" width=\"24\" height=\"24\" viewbox=\"0 0 24 24\" fill=\"none\"><path d=\"M11 13H5V11H11V5H13V11H19V13H13V19H11V13Z\" fill=\"#003764\"><\/path><\/svg><\/span>\n\t\t<\/span>\n\n\t\t\t\t\t\t<\/summary>\n\t\t\t\t<div role=\"region\" aria-labelledby=\"e-n-accordion-item-1570\" class=\"elementor-element elementor-element-5e2485a e-con-full e-flex e-con e-child\" data-id=\"5e2485a\" data-element_type=\"container\">\n\t\t\t\t<div class=\"elementor-element elementor-element-d2d94a3 sticky-list-mb elementor-icon-list--layout-traditional elementor-list-item-link-full_width elementor-widget elementor-widget-icon-list\" data-id=\"d2d94a3\" data-element_type=\"widget\" data-widget_type=\"icon-list.default\">\n\t\t\t\t\t\t\t<ul class=\"elementor-icon-list-items\">\n\t\t\t\t\t\t\t<li class=\"elementor-icon-list-item\">\n\t\t\t\t\t\t\t\t\t\t\t<a href=\"#intro\">\n\n\t\t\t\t\t\t\t\t\t\t\t<span class=\"elementor-icon-list-text\">Introducci\u00f3n<\/span>\n\t\t\t\t\t\t\t\t\t\t\t<\/a>\n\t\t\t\t\t\t\t\t\t<\/li>\n\t\t\t\t\t\t\t\t<li class=\"elementor-icon-list-item\">\n\t\t\t\t\t\t\t\t\t\t\t<a href=\"#eligibility\">\n\n\t\t\t\t\t\t\t\t\t\t\t<span class=\"elementor-icon-list-text\">Admisibilidad<\/span>\n\t\t\t\t\t\t\t\t\t\t\t<\/a>\n\t\t\t\t\t\t\t\t\t<\/li>\n\t\t\t\t\t\t\t\t<li class=\"elementor-icon-list-item\">\n\t\t\t\t\t\t\t\t\t\t\t<a href=\"#how-to-get-started\">\n\n\t\t\t\t\t\t\t\t\t\t\t<span class=\"elementor-icon-list-text\">C\u00f3mo empezar<\/span>\n\t\t\t\t\t\t\t\t\t\t\t<\/a>\n\t\t\t\t\t\t\t\t\t<\/li>\n\t\t\t\t\t\t<\/ul>\n\t\t\t\t\t\t<\/div>\n\t\t\t\t<\/div>\n\t\t\t\t\t<\/details>\n\t\t\t\t\t<\/div>\n\t\t\t\t\t\t<\/div>\n\t\t\t\t<\/div>\n\t\t<div class=\"elementor-element elementor-element-4d8a744 e-con-full e-flex e-con e-parent\" data-id=\"4d8a744\" data-element_type=\"container\" data-settings=\"{&quot;background_background&quot;:&quot;classic&quot;}\">\n\t\t<div class=\"elementor-element elementor-element-ba6fce7 e-con-full elementor-hidden-mobile e-flex e-con e-child\" data-id=\"ba6fce7\" data-element_type=\"container\" data-settings=\"{&quot;background_background&quot;:&quot;classic&quot;}\">\n\t\t\t\t<div class=\"elementor-element elementor-element-b3e9d28 section-tag-banner elementor-widget elementor-widget-heading\" data-id=\"b3e9d28\" data-element_type=\"widget\" data-widget_type=\"heading.default\">\n\t\t\t\t\t<h3 class=\"elementor-heading-title elementor-size-default\">Atenci\u00f3n Dirigida a Veteranos de Colorado<\/h3>\t\t\t\t<\/div>\n\t\t\t\t<div class=\"elementor-element elementor-element-969c1f3 elementor-widget__width-initial elementor-widget elementor-widget-heading\" data-id=\"969c1f3\" data-element_type=\"widget\" data-widget_type=\"heading.default\">\n\t\t\t\t\t<h1 class=\"elementor-heading-title elementor-size-default\"><mark>APOYARTE<\/mark> <br>EN SU CASA Y EN SU COMUNIDAD<\/h1>\t\t\t\t<\/div>\n\t\t\t\t<\/div>\n\t\t<div class=\"elementor-element elementor-element-4c1042d elementor-hidden-desktop elementor-hidden-tablet e-flex e-con-boxed e-con e-child\" data-id=\"4c1042d\" data-element_type=\"container\">\n\t\t\t\t\t<div class=\"e-con-inner\">\n\t\t\t\t<div class=\"elementor-element elementor-element-f900cc4 section-tag-grey elementor-widget elementor-widget-heading\" data-id=\"f900cc4\" data-element_type=\"widget\" data-widget_type=\"heading.default\">\n\t\t\t\t\t<h2 class=\"elementor-heading-title elementor-size-default\">Atenci\u00f3n Dirigida a Veteranos de Colorado<\/h2>\t\t\t\t<\/div>\n\t\t\t\t<div class=\"elementor-element elementor-element-9d2ba45 elementor-widget__width-initial elementor-widget elementor-widget-heading\" data-id=\"9d2ba45\" data-element_type=\"widget\" data-widget_type=\"heading.default\">\n\t\t\t\t\t<h1 class=\"elementor-heading-title elementor-size-default\"><mark>APOYARTE<\/mark> <br>EN SU CASA Y EN SU COMUNIDAD<\/h1>\t\t\t\t<\/div>\n\t\t\t\t\t<\/div>\n\t\t\t\t<\/div>\n\t\t\t\t<\/div>\n\t\t<div class=\"elementor-element elementor-element-3200f39 e-con-full e-flex e-con e-parent\" data-id=\"3200f39\" data-element_type=\"container\" id=\"intro\" data-settings=\"{&quot;background_background&quot;:&quot;classic&quot;}\">\n\t\t<div class=\"elementor-element elementor-element-e8395c6 e-con-full elementor-hidden-tablet elementor-hidden-mobile e-flex e-con e-child\" data-id=\"e8395c6\" data-element_type=\"container\">\n\t\t\t\t<div class=\"elementor-element elementor-element-94ac129 sticky-list elementor-icon-list--layout-traditional elementor-list-item-link-full_width elementor-widget elementor-widget-icon-list\" data-id=\"94ac129\" data-element_type=\"widget\" data-settings=\"{&quot;sticky&quot;:&quot;top&quot;,&quot;sticky_offset&quot;:150,&quot;sticky_on&quot;:[&quot;desktop&quot;],&quot;sticky_effects_offset&quot;:0,&quot;sticky_anchor_link_offset&quot;:0}\" data-widget_type=\"icon-list.default\">\n\t\t\t\t\t\t\t<ul class=\"elementor-icon-list-items\">\n\t\t\t\t\t\t\t<li class=\"elementor-icon-list-item\">\n\t\t\t\t\t\t\t\t\t\t\t<a href=\"#intro\">\n\n\t\t\t\t\t\t\t\t\t\t\t<span class=\"elementor-icon-list-text\">Introducci\u00f3n<\/span>\n\t\t\t\t\t\t\t\t\t\t\t<\/a>\n\t\t\t\t\t\t\t\t\t<\/li>\n\t\t\t\t\t\t\t\t<li class=\"elementor-icon-list-item\">\n\t\t\t\t\t\t\t\t\t\t\t<a href=\"#eligibility\">\n\n\t\t\t\t\t\t\t\t\t\t\t<span class=\"elementor-icon-list-text\">Admisibilidad<\/span>\n\t\t\t\t\t\t\t\t\t\t\t<\/a>\n\t\t\t\t\t\t\t\t\t<\/li>\n\t\t\t\t\t\t\t\t<li class=\"elementor-icon-list-item\">\n\t\t\t\t\t\t\t\t\t\t\t<a href=\"#how-to-get-started\">\n\n\t\t\t\t\t\t\t\t\t\t\t<span class=\"elementor-icon-list-text\">C\u00f3mo empezar<\/span>\n\t\t\t\t\t\t\t\t\t\t\t<\/a>\n\t\t\t\t\t\t\t\t\t<\/li>\n\t\t\t\t\t\t<\/ul>\n\t\t\t\t\t\t<\/div>\n\t\t\t\t<\/div>\n\t\t<div class=\"elementor-element elementor-element-6b6bc62 e-con-full e-flex e-con e-child\" data-id=\"6b6bc62\" data-element_type=\"container\">\n\t\t<div class=\"elementor-element elementor-element-0cdc422 e-con-full e-flex e-con e-child\" data-id=\"0cdc422\" data-element_type=\"container\" data-settings=\"{&quot;background_background&quot;:&quot;classic&quot;}\">\n\t\t\t\t<div class=\"elementor-element elementor-element-69b804c elementor-widget elementor-widget-heading\" data-id=\"69b804c\" data-element_type=\"widget\" data-widget_type=\"heading.default\">\n\t\t\t\t\t<h4 class=\"elementor-heading-title elementor-size-default\">Usted puede elegir y controlar sus cuidados.<\/h4>\t\t\t\t<\/div>\n\t\t\t\t<div class=\"elementor-element elementor-element-dde0576 elementor-widget elementor-widget-text-editor\" data-id=\"dde0576\" data-element_type=\"widget\" data-widget_type=\"text-editor.default\">\n\t\t\t\t\t\t\t\t\t<p>El programa Veteran Directed Care de Consumer Direct Care Network ofrece a los veteranos de Colorado m\u00e1s opciones, control y flexibilidad sobre los servicios que reciben. Proporcionamos servicios de atenci\u00f3n domiciliaria autodirigidos y apoyos como alternativa a las opciones de atenci\u00f3n basadas en agencias de la VA.<\/p>\n\t\t\t\t\t\t\t\t<\/div>\n\t\t\t\t<div class=\"elementor-element elementor-element-e49fcd9 elementor-widget-divider--view-line elementor-widget elementor-widget-divider\" data-id=\"e49fcd9\" data-element_type=\"widget\" data-widget_type=\"divider.default\">\n\t\t\t\t\t\t\t<div class=\"elementor-divider\">\n\t\t\t<span class=\"elementor-divider-separator\">\n\t\t\t\t\t\t<\/span>\n\t\t<\/div>\n\t\t\t\t\t\t<\/div>\n\t\t\t\t<\/div>\n\t\t<div class=\"elementor-element elementor-element-51b47a5 e-con-full e-flex e-con e-child\" data-id=\"51b47a5\" data-element_type=\"container\" id=\"eligibility\" data-settings=\"{&quot;background_background&quot;:&quot;classic&quot;}\">\n\t\t<div class=\"elementor-element elementor-element-4772577 e-con-full e-flex e-con e-child\" data-id=\"4772577\" data-element_type=\"container\" data-settings=\"{&quot;background_background&quot;:&quot;classic&quot;}\">\n\t\t\t\t<div class=\"elementor-element elementor-element-2b1e547 elementor-widget elementor-widget-heading\" data-id=\"2b1e547\" data-element_type=\"widget\" data-widget_type=\"heading.default\">\n\t\t\t\t\t<h4 class=\"elementor-heading-title elementor-size-default\">Admisibilidad<\/h4>\t\t\t\t<\/div>\n\t\t\t\t<div class=\"elementor-element elementor-element-bded6da elementor-widget elementor-widget-text-editor\" data-id=\"bded6da\" data-element_type=\"widget\" data-widget_type=\"text-editor.default\">\n\t\t\t\t\t\t\t\t\t<p>Su elegibilidad ser\u00e1 determinada por un Centro M\u00e9dico VA. Si re\u00fane los requisitos, se enviar\u00e1 una derivaci\u00f3n a una agencia local de la Red de Envejecimiento y Discapacidad, que le prestar\u00e1 servicios de gesti\u00f3n de casos.<\/p>\n<p><strong>Para ser elegible para Veteran Directed Care, los veteranos deben:<\/strong><\/p>\n<ul>\n<li><strong>estar inscrito en la Administraci\u00f3n Sanitaria de Veteranos.<\/strong><\/li>\n<li><strong>cumplir los criterios de elegibilidad funcional determinados por la VA.<\/strong><\/li>\n<li><strong>ser competentes, estar dispuestos y ser capaces de supervisar, contratar\/terminar, formar y controlar a sus asistentes y los servicios prestados.<\/strong><\/li>\n<li><strong>poder actuar como empresario y dirigir sus propios servicios o designar a alguien que dirija los servicios en su nombre.<\/strong><\/li>\n<\/ul>\n<p>No hay restricciones de edad ni requisitos relacionados con el servicio para optar a la Atenci\u00f3n Dirigida a Veteranos.<\/p>\n<p>Si el veterano no puede autodirigirse debido a un deterioro cognitivo, puede designar a un representante autorizado para que act\u00fae en su nombre. Un individuo que act\u00faa como representante autorizado no puede ser pagado por realizar servicios de trabajador bajo este programa.<\/p>\n\t\t\t\t\t\t\t\t<\/div>\n\t\t\t\t<\/div>\n\t\t\t\t<\/div>\n\t\t<div class=\"elementor-element elementor-element-6ef95cc e-con-full e-flex e-con e-child\" data-id=\"6ef95cc\" data-element_type=\"container\" id=\"how-to-get-started\">\n\t\t\t\t<div class=\"elementor-element elementor-element-4f57e35 elementor-widget elementor-widget-heading\" data-id=\"4f57e35\" data-element_type=\"widget\" data-widget_type=\"heading.default\">\n\t\t\t\t\t<h3 class=\"elementor-heading-title elementor-size-default\">C\u00f3mo empezar<\/h3>\t\t\t\t<\/div>\n\t\t<div class=\"elementor-element elementor-element-d17b0e2 e-con-full e-flex e-con e-child\" data-id=\"d17b0e2\" data-element_type=\"container\" data-settings=\"{&quot;background_background&quot;:&quot;classic&quot;}\">\n\t\t\t\t<div class=\"elementor-element elementor-element-8a31be2 elementor-widget elementor-widget-text-editor\" data-id=\"8a31be2\" data-element_type=\"widget\" data-widget_type=\"text-editor.default\">\n\t\t\t\t\t\t\t\t\t<p>Si vive en el \u00e1rea metropolitana de Denver y desea inscribirse en el programa Veteran Directed Care, hable con su m\u00e9dico de atenci\u00f3n primaria del VA o p\u00f3ngase en contacto con:<\/p><p><strong>Centro M\u00e9dico Denver VA<\/strong><br \/>Servicio de Trabajo Social<br \/><a href=\"tel:303-399-8020\">303-399-8020<\/a> y pulse #2<\/p>\t\t\t\t\t\t\t\t<\/div>\n\t\t\t\t<\/div>\n\t\t<div class=\"elementor-element elementor-element-8b7be7d e-con-full e-flex e-con e-child\" data-id=\"8b7be7d\" data-element_type=\"container\" data-settings=\"{&quot;background_background&quot;:&quot;classic&quot;}\">\n\t\t\t\t<div class=\"elementor-element elementor-element-438481f elementor-widget elementor-widget-text-editor\" data-id=\"438481f\" data-element_type=\"widget\" data-widget_type=\"text-editor.default\">\n\t\t\t\t\t\t\t\t\t<p>Si desea informaci\u00f3n general sobre el programa Colorado Veteran Directed Care y vive en los condados de Adams, Arapahoe, Broomfield, Clear Creek, Denver, Douglas, Jefferson o Gilpen, p\u00f3ngase en contacto con:<\/p><p><strong>Agencia de la Tercera Edad del Consejo Regional de Gobiernos de Denver<\/strong><br \/>Calle 17, 1001<br \/>Denver, CO 80202<br \/><a href=\"tel:303-480-6700\">303-480-6700<\/a><\/p>\t\t\t\t\t\t\t\t<\/div>\n\t\t\t\t<\/div>\n\t\t<div class=\"elementor-element elementor-element-0b85e0d e-con-full e-flex e-con e-child\" data-id=\"0b85e0d\" data-element_type=\"container\" data-settings=\"{&quot;background_background&quot;:&quot;classic&quot;}\">\n\t\t\t\t<div class=\"elementor-element elementor-element-9f04952 elementor-widget__width-inherit elementor-widget elementor-widget-text-editor\" data-id=\"9f04952\" data-element_type=\"widget\" data-widget_type=\"text-editor.default\">\n\t\t\t\t\t\t\t\t\t<p>Para saber si hay un programa de Atenci\u00f3n Dirigida a Veteranos en su zona, p\u00f3ngase en contacto con el Centro M\u00e9dico de Veteranos de su localidad.<\/p>\t\t\t\t\t\t\t\t<\/div>\n\t\t\t\t<div class=\"elementor-element elementor-element-15c2010 primary-dark elementor-widget elementor-widget-button\" data-id=\"15c2010\" data-element_type=\"widget\" data-widget_type=\"button.default\">\n\t\t\t\t\t\t\t\t\t\t<a class=\"elementor-button elementor-button-link elementor-size-sm\" href=\"https:\/\/acl.gov\/programs\/veteran-directed-home-and-community-based-services\/veteran-directed-home-community-based\" target=\"_blank\">\n\t\t\t\t\t\t<span class=\"elementor-button-content-wrapper\">\n\t\t\t\t\t\t\t\t\t<span class=\"elementor-button-text\">Ver programas activos<\/span>\n\t\t\t\t\t<\/span>\n\t\t\t\t\t<\/a>\n\t\t\t\t\t\t\t\t<\/div>\n\t\t\t\t<\/div>\n\t\t\t\t<\/div>\n\t\t\t\t<\/div>\n\t\t\t\t<\/div>\n\t\t\t\t<\/div>","protected":false},"excerpt":{"rendered":"<p>Select Section Intro Eligibility How to Get Started Intro Eligibility How to Get Started Intro Eligibility How to Get Started How to Get Started Si vive en el \u00e1rea metropolitana de Denver y desea inscribirse en el programa Veteran Directed Care, hable con su m\u00e9dico de atenci\u00f3n primaria de VA o comun\u00edquese con: Denver VA Medical CenterSocial [...]<\/p>","protected":false},"author":1,"featured_media":0,"parent":0,"menu_order":0,"comment_status":"closed","ping_status":"closed","template":"","meta":{"_acf_changed":false,"footnotes":""},"class_list":["post-237","page","type-page","status-publish","hentry"],"acf":[],"yoast_head":"<!-- This site is optimized with the Yoast SEO plugin v26.0 - https:\/\/yoast.com\/wordpress\/plugins\/seo\/ -->\n<title>Services - Veterans - Consumer Direct Care<\/title>\n<meta name=\"robots\" content=\"index, follow, max-snippet:-1, max-image-preview:large, max-video-preview:-1\" \/>\n<link rel=\"canonical\" href=\"https:\/\/www.consumerdirectveterans.com\/es\/services\/\" \/>\n<meta property=\"og:locale\" content=\"es_ES\" \/>\n<meta property=\"og:type\" content=\"article\" \/>\n<meta property=\"og:title\" content=\"Services - Veterans - Consumer Direct Care\" \/>\n<meta property=\"og:description\" content=\"Select Section Intro Eligibility How to Get Started Intro Eligibility How to Get Started Intro Eligibility How to Get Started How to Get Started If you live in the Denver metro area and want to enroll in the Veteran Directed Care program, talk to your VA primary care physician or contact: Denver VA Medical CenterSocial [&hellip;]\" \/>\n<meta property=\"og:url\" content=\"https:\/\/www.consumerdirectveterans.com\/es\/services\/\" \/>\n<meta property=\"og:site_name\" content=\"Veterans - Consumer Direct Care\" \/>\n<meta property=\"article:modified_time\" content=\"2025-12-10T06:19:09+00:00\" \/>\n<meta name=\"twitter:card\" content=\"summary_large_image\" \/>\n<meta name=\"twitter:label1\" content=\"Tiempo de lectura\" \/>\n\t<meta name=\"twitter:data1\" content=\"1 minuto\" \/>\n<script type=\"application\/ld+json\" class=\"yoast-schema-graph\">{\"@context\":\"https:\/\/schema.org\",\"@graph\":[{\"@type\":\"WebPage\",\"@id\":\"https:\/\/www.consumerdirectveterans.com\/services\/\",\"url\":\"https:\/\/www.consumerdirectveterans.com\/services\/\",\"name\":\"Services - Veterans - Consumer Direct Care\",\"isPartOf\":{\"@id\":\"https:\/\/www.consumerdirectveterans.com\/#website\"},\"datePublished\":\"2025-09-03T06:16:41+00:00\",\"dateModified\":\"2025-12-10T06:19:09+00:00\",\"breadcrumb\":{\"@id\":\"https:\/\/www.consumerdirectveterans.com\/services\/#breadcrumb\"},\"inLanguage\":\"es\",\"potentialAction\":[{\"@type\":\"ReadAction\",\"target\":[\"https:\/\/www.consumerdirectveterans.com\/services\/\"]}]},{\"@type\":\"BreadcrumbList\",\"@id\":\"https:\/\/www.consumerdirectveterans.com\/services\/#breadcrumb\",\"itemListElement\":[{\"@type\":\"ListItem\",\"position\":1,\"name\":\"Home\",\"item\":\"https:\/\/www.consumerdirectveterans.com\/\"},{\"@type\":\"ListItem\",\"position\":2,\"name\":\"Services\"}]},{\"@type\":\"WebSite\",\"@id\":\"https:\/\/www.consumerdirectveterans.com\/#website\",\"url\":\"https:\/\/www.consumerdirectveterans.com\/\",\"name\":\"Veterans - Consumer Direct Care\",\"description\":\"\",\"publisher\":{\"@id\":\"https:\/\/www.consumerdirectveterans.com\/#organization\"},\"potentialAction\":[{\"@type\":\"SearchAction\",\"target\":{\"@type\":\"EntryPoint\",\"urlTemplate\":\"https:\/\/www.consumerdirectveterans.com\/?s={search_term_string}\"},\"query-input\":{\"@type\":\"PropertyValueSpecification\",\"valueRequired\":true,\"valueName\":\"search_term_string\"}}],\"inLanguage\":\"es\"},{\"@type\":\"Organization\",\"@id\":\"https:\/\/www.consumerdirectveterans.com\/#organization\",\"name\":\"Veterans - Consumer Direct Care\",\"url\":\"https:\/\/www.consumerdirectveterans.com\/\",\"logo\":{\"@type\":\"ImageObject\",\"inLanguage\":\"es\",\"@id\":\"https:\/\/www.consumerdirectveterans.com\/#\/schema\/logo\/image\/\",\"url\":\"https:\/\/www.consumerdirectveterans.com\/wp-content\/uploads\/sites\/19\/2025\/09\/veterans-dark-logo.png\",\"contentUrl\":\"https:\/\/www.consumerdirectveterans.com\/wp-content\/uploads\/sites\/19\/2025\/09\/veterans-dark-logo.png\",\"width\":158,\"height\":48,\"caption\":\"Veterans - Consumer Direct Care\"},\"image\":{\"@id\":\"https:\/\/www.consumerdirectveterans.com\/#\/schema\/logo\/image\/\"}}]}<\/script>\n<!-- \/ Yoast SEO plugin. -->","yoast_head_json":{"title":"Services - Veterans - Consumer Direct Care","robots":{"index":"index","follow":"follow","max-snippet":"max-snippet:-1","max-image-preview":"max-image-preview:large","max-video-preview":"max-video-preview:-1"},"canonical":"https:\/\/www.consumerdirectveterans.com\/es\/services\/","og_locale":"es_ES","og_type":"article","og_title":"Services - Veterans - Consumer Direct Care","og_description":"Select Section Intro Eligibility How to Get Started Intro Eligibility How to Get Started Intro Eligibility How to Get Started How to Get Started If you live in the Denver metro area and want to enroll in the Veteran Directed Care program, talk to your VA primary care physician or contact: Denver VA Medical CenterSocial [&hellip;]","og_url":"https:\/\/www.consumerdirectveterans.com\/es\/services\/","og_site_name":"Veterans - Consumer Direct Care","article_modified_time":"2025-12-10T06:19:09+00:00","twitter_card":"summary_large_image","twitter_misc":{"Tiempo de lectura":"1 minuto"},"schema":{"@context":"https:\/\/schema.org","@graph":[{"@type":"WebPage","@id":"https:\/\/www.consumerdirectveterans.com\/services\/","url":"https:\/\/www.consumerdirectveterans.com\/services\/","name":"Services - Veterans - Consumer Direct Care","isPartOf":{"@id":"https:\/\/www.consumerdirectveterans.com\/#website"},"datePublished":"2025-09-03T06:16:41+00:00","dateModified":"2025-12-10T06:19:09+00:00","breadcrumb":{"@id":"https:\/\/www.consumerdirectveterans.com\/services\/#breadcrumb"},"inLanguage":"es","potentialAction":[{"@type":"ReadAction","target":["https:\/\/www.consumerdirectveterans.com\/services\/"]}]},{"@type":"BreadcrumbList","@id":"https:\/\/www.consumerdirectveterans.com\/services\/#breadcrumb","itemListElement":[{"@type":"ListItem","position":1,"name":"Home","item":"https:\/\/www.consumerdirectveterans.com\/"},{"@type":"ListItem","position":2,"name":"Services"}]},{"@type":"WebSite","@id":"https:\/\/www.consumerdirectveterans.com\/#website","url":"https:\/\/www.consumerdirectveterans.com\/","name":"Veteranos - Atenci\u00f3n directa al consumidor","description":"","publisher":{"@id":"https:\/\/www.consumerdirectveterans.com\/#organization"},"potentialAction":[{"@type":"SearchAction","target":{"@type":"EntryPoint","urlTemplate":"https:\/\/www.consumerdirectveterans.com\/?s={search_term_string}"},"query-input":{"@type":"PropertyValueSpecification","valueRequired":true,"valueName":"search_term_string"}}],"inLanguage":"es"},{"@type":"Organization","@id":"https:\/\/www.consumerdirectveterans.com\/#organization","name":"Veteranos - Atenci\u00f3n directa al consumidor","url":"https:\/\/www.consumerdirectveterans.com\/","logo":{"@type":"ImageObject","inLanguage":"es","@id":"https:\/\/www.consumerdirectveterans.com\/#\/schema\/logo\/image\/","url":"https:\/\/www.consumerdirectveterans.com\/wp-content\/uploads\/sites\/19\/2025\/09\/veterans-dark-logo.png","contentUrl":"https:\/\/www.consumerdirectveterans.com\/wp-content\/uploads\/sites\/19\/2025\/09\/veterans-dark-logo.png","width":158,"height":48,"caption":"Veterans - Consumer Direct Care"},"image":{"@id":"https:\/\/www.consumerdirectveterans.com\/#\/schema\/logo\/image\/"}}]}},"_links":{"self":[{"href":"https:\/\/www.consumerdirectveterans.com\/es\/wp-json\/wp\/v2\/pages\/237","targetHints":{"allow":["GET"]}}],"collection":[{"href":"https:\/\/www.consumerdirectveterans.com\/es\/wp-json\/wp\/v2\/pages"}],"about":[{"href":"https:\/\/www.consumerdirectveterans.com\/es\/wp-json\/wp\/v2\/types\/page"}],"author":[{"embeddable":true,"href":"https:\/\/www.consumerdirectveterans.com\/es\/wp-json\/wp\/v2\/users\/1"}],"replies":[{"embeddable":true,"href":"https:\/\/www.consumerdirectveterans.com\/es\/wp-json\/wp\/v2\/comments?post=237"}],"version-history":[{"count":382,"href":"https:\/\/www.consumerdirectveterans.com\/es\/wp-json\/wp\/v2\/pages\/237\/revisions"}],"predecessor-version":[{"id":2244,"href":"https:\/\/www.consumerdirectveterans.com\/es\/wp-json\/wp\/v2\/pages\/237\/revisions\/2244"}],"wp:attachment":[{"href":"https:\/\/www.consumerdirectveterans.com\/es\/wp-json\/wp\/v2\/media?parent=237"}],"curies":[{"name":"wp","href":"https:\/\/api.w.org\/{rel}","templated":true}]}}